{"id":637,"date":"2024-11-20T16:08:31","date_gmt":"2024-11-20T15:08:31","guid":{"rendered":"https:\/\/egliseconfluence.fr\/?page_id=637"},"modified":"2025-11-07T16:45:19","modified_gmt":"2025-11-07T15:45:19","slug":"qui-sommes-nous","status":"publish","type":"page","link":"https:\/\/egliseconfluence.fr\/?page_id=637","title":{"rendered":"Qui sommes nous ?"},"content":{"rendered":"\t\t<div data-elementor-type=\"wp-page\" data-elementor-id=\"637\" class=\"elementor elementor-637\" data-elementor-post-type=\"page\">\n\t\t\t\t<div class=\"elementor-element elementor-element-59427354 e-con-full e-flex e-con e-parent\" data-id=\"59427354\" data-element_type=\"container\" data-e-type=\"container\" data-settings=\"{&quot;background_background&quot;:&quot;classic&quot;}\">\n\t\t<div class=\"elementor-element elementor-element-74401eea e-con-full e-flex e-con e-child\" data-id=\"74401eea\" data-element_type=\"container\" data-e-type=\"container\">\n\t\t\t\t<div class=\"elementor-element elementor-element-48928e6 elementor-widget elementor-widget-heading\" data-id=\"48928e6\" data-element_type=\"widget\" data-e-type=\"widget\" data-widget_type=\"heading.default\">\n\t\t\t\t<div class=\"elementor-widget-container\">\n\t\t\t\t\t<h2 class=\"elementor-heading-title elementor-size-default\">QUI SOMMES-NOUS ?<\/h2>\t\t\t\t<\/div>\n\t\t\t\t<\/div>\n\t\t\t\t<div class=\"elementor-element elementor-element-30c80954 elementor-widget__width-inherit elementor-widget-mobile__width-inherit elementor-widget elementor-widget-image-box\" data-id=\"30c80954\" data-element_type=\"widget\" data-e-type=\"widget\" data-widget_type=\"image-box.default\">\n\t\t\t\t<div class=\"elementor-widget-container\">\n\t\t\t\t\t<div class=\"elementor-image-box-wrapper\"><div class=\"elementor-image-box-content\"><p class=\"elementor-image-box-description\">C'est en 2011 que George et Gill Tee, membres du r\u00e9seau d'\u00e9glises <b>New Ground<\/b>, re\u00e7oivent une conviction : implanter une \u00e9glise \u00e0 Lyon et impacter la ville par le message de l'\u00e9vangile. \n\n<br><br>Deux ann\u00e9es plus tard, ce projet devient r\u00e9alit\u00e9 avec l'arriv\u00e9e d'une \u00e9quipe de sept Parisiens venus poser les bases de cette nouvelle \u00e9glise appel\u00e9e Lumi\u00e8re des nations.\n<br><br>En 2024, 10 ans apr\u00e8s son implantation, l'\u00e9glise Lumi\u00e8re des Nations devient <b>l'\u00c9glise Confluence<\/b> dont l'\u00e9quipe d'anciens est dirig\u00e9e par William. Elle s'installe au centre de Lyon, dans le quartier de la Confluence. <br><br>Au del\u00e0 de Lyon, nous faisons partie de la famille d'\u00e9glises New Ground, fond\u00e9e par Terry Virgo dans les ann\u00e9es 80, une union d'\u00e9glises Apostolique en mission.<br><br>Nous sommes une <b>\u00e9glise R\u00e9form\u00e9e Charismatique<\/b>, enracin\u00e9e dans l'autorit\u00e9 des \u00c9critures et port\u00e9e par l'action du Saint-Esprit.<br><br>Nous croyons que l'\u00e9glise est avant tout une famille o\u00f9 chacun a sa place. Pr\u00e9sents dans le quartier Confluence depuis 2 ans, nous nous r\u00e9unissons \u00e9galement en groupes de vie aux quatre coins de Lyon pour vivre l'\u00c9glise dans les maisons, partager la Parole et prier ensemble. <br> <br>Nous sommes aussi membres du CNEF (Conseil National des \u00c9vang\u00e9liques de France), affirmant ainsi notre attachement \u00e0 une \u00c9glise unie et missionnaire en France.<\/p><\/div><\/div>\t\t\t\t<\/div>\n\t\t\t\t<\/div>\n\t\t<div class=\"elementor-element elementor-element-7fc87fc8 e-con-full e-flex e-con e-child\" data-id=\"7fc87fc8\" data-element_type=\"container\" data-e-type=\"container\">\n\t\t\t\t<\/div>\n\t\t\t\t<div class=\"elementor-element elementor-element-46378d5 elementor-widget elementor-widget-gallery\" data-id=\"46378d5\" data-element_type=\"widget\" data-e-type=\"widget\" data-settings=\"{&quot;gallery_layout&quot;:&quot;masonry&quot;,&quot;columns&quot;:5,&quot;gap&quot;:{&quot;unit&quot;:&quot;px&quot;,&quot;size&quot;:31,&quot;sizes&quot;:[]},&quot;lazyload&quot;:&quot;yes&quot;,&quot;columns_tablet&quot;:2,&quot;columns_mobile&quot;:1,&quot;gap_tablet&quot;:{&quot;unit&quot;:&quot;px&quot;,&quot;size&quot;:10,&quot;sizes&quot;:[]},&quot;gap_mobile&quot;:{&quot;unit&quot;:&quot;px&quot;,&quot;size&quot;:10,&quot;sizes&quot;:[]},&quot;link_to&quot;:&quot;file&quot;,&quot;overlay_background&quot;:&quot;yes&quot;,&quot;content_hover_animation&quot;:&quot;fade-in&quot;}\" data-widget_type=\"gallery.default\">\n\t\t\t\t<div class=\"elementor-widget-container\">\n\t\t\t\t\t\t\t<div class=\"elementor-gallery__container\">\n\t\t\t\t\t\t\t<a class=\"e-gallery-item elementor-gallery-item elementor-animated-content\" href=\"https:\/\/egliseconfluence.fr\/wp-content\/uploads\/2025\/11\/IMG_5614-scaled.jpg\" data-elementor-open-lightbox=\"no\">\n\t\t\t\t\t<div class=\"e-gallery-image elementor-gallery-item__image\" data-thumbnail=\"https:\/\/egliseconfluence.fr\/wp-content\/uploads\/2025\/11\/IMG_5614-225x300.jpg\" data-width=\"225\" data-height=\"300\" aria-label=\"\" role=\"img\" ><\/div>\n\t\t\t\t\t\t\t\t\t\t\t<div class=\"elementor-gallery-item__overlay\"><\/div>\n\t\t\t\t\t\t\t\t\t\t\t\t\t\t<\/a>\n\t\t\t\t\t\t\t<a class=\"e-gallery-item elementor-gallery-item elementor-animated-content\" href=\"https:\/\/egliseconfluence.fr\/wp-content\/uploads\/2025\/03\/IMG_2928-scaled.jpg\" data-elementor-open-lightbox=\"no\">\n\t\t\t\t\t<div class=\"e-gallery-image elementor-gallery-item__image\" data-thumbnail=\"https:\/\/egliseconfluence.fr\/wp-content\/uploads\/2025\/03\/IMG_2928-225x300.jpg\" data-width=\"225\" data-height=\"300\" aria-label=\"\" role=\"img\" ><\/div>\n\t\t\t\t\t\t\t\t\t\t\t<div class=\"elementor-gallery-item__overlay\"><\/div>\n\t\t\t\t\t\t\t\t\t\t\t\t\t\t<\/a>\n\t\t\t\t\t\t\t<a class=\"e-gallery-item elementor-gallery-item elementor-animated-content\" href=\"https:\/\/egliseconfluence.fr\/wp-content\/uploads\/2025\/11\/IMG_5954-scaled.jpg\" data-elementor-open-lightbox=\"no\">\n\t\t\t\t\t<div class=\"e-gallery-image elementor-gallery-item__image\" data-thumbnail=\"https:\/\/egliseconfluence.fr\/wp-content\/uploads\/2025\/11\/IMG_5954-225x300.jpg\" data-width=\"225\" data-height=\"300\" aria-label=\"\" role=\"img\" ><\/div>\n\t\t\t\t\t\t\t\t\t\t\t<div class=\"elementor-gallery-item__overlay\"><\/div>\n\t\t\t\t\t\t\t\t\t\t\t\t\t\t<\/a>\n\t\t\t\t\t\t\t<a class=\"e-gallery-item elementor-gallery-item elementor-animated-content\" href=\"https:\/\/egliseconfluence.fr\/wp-content\/uploads\/2025\/11\/IMG_5963-scaled.jpg\" data-elementor-open-lightbox=\"no\">\n\t\t\t\t\t<div class=\"e-gallery-image elementor-gallery-item__image\" data-thumbnail=\"https:\/\/egliseconfluence.fr\/wp-content\/uploads\/2025\/11\/IMG_5963-225x300.jpg\" data-width=\"225\" data-height=\"300\" aria-label=\"\" role=\"img\" ><\/div>\n\t\t\t\t\t\t\t\t\t\t\t<div class=\"elementor-gallery-item__overlay\"><\/div>\n\t\t\t\t\t\t\t\t\t\t\t\t\t\t<\/a>\n\t\t\t\t\t\t\t<a class=\"e-gallery-item elementor-gallery-item elementor-animated-content\" href=\"https:\/\/egliseconfluence.fr\/wp-content\/uploads\/2025\/11\/IMG_7140-scaled.jpg\" data-elementor-open-lightbox=\"no\">\n\t\t\t\t\t<div class=\"e-gallery-image elementor-gallery-item__image\" data-thumbnail=\"https:\/\/egliseconfluence.fr\/wp-content\/uploads\/2025\/11\/IMG_7140-218x300.jpg\" data-width=\"218\" data-height=\"300\" aria-label=\"\" role=\"img\" ><\/div>\n\t\t\t\t\t\t\t\t\t\t\t<div class=\"elementor-gallery-item__overlay\"><\/div>\n\t\t\t\t\t\t\t\t\t\t\t\t\t\t<\/a>\n\t\t\t\t\t\t\t<a class=\"e-gallery-item elementor-gallery-item elementor-animated-content\" href=\"https:\/\/egliseconfluence.fr\/wp-content\/uploads\/2025\/11\/IMG_6838-scaled.jpg\" data-elementor-open-lightbox=\"no\">\n\t\t\t\t\t<div class=\"e-gallery-image elementor-gallery-item__image\" data-thumbnail=\"https:\/\/egliseconfluence.fr\/wp-content\/uploads\/2025\/11\/IMG_6838-225x300.jpg\" data-width=\"225\" data-height=\"300\" aria-label=\"\" role=\"img\" ><\/div>\n\t\t\t\t\t\t\t\t\t\t\t<div class=\"elementor-gallery-item__overlay\"><\/div>\n\t\t\t\t\t\t\t\t\t\t\t\t\t\t<\/a>\n\t\t\t\t\t\t\t<a class=\"e-gallery-item elementor-gallery-item elementor-animated-content\" href=\"https:\/\/egliseconfluence.fr\/wp-content\/uploads\/2025\/11\/IMG_5659-scaled.jpg\" data-elementor-open-lightbox=\"no\">\n\t\t\t\t\t<div class=\"e-gallery-image elementor-gallery-item__image\" data-thumbnail=\"https:\/\/egliseconfluence.fr\/wp-content\/uploads\/2025\/11\/IMG_5659-225x300.jpg\" data-width=\"225\" data-height=\"300\" aria-label=\"\" role=\"img\" ><\/div>\n\t\t\t\t\t\t\t\t\t\t\t<div class=\"elementor-gallery-item__overlay\"><\/div>\n\t\t\t\t\t\t\t\t\t\t\t\t\t\t<\/a>\n\t\t\t\t\t\t\t<a class=\"e-gallery-item elementor-gallery-item elementor-animated-content\" href=\"https:\/\/egliseconfluence.fr\/wp-content\/uploads\/2025\/11\/IMG_6407-scaled.jpg\" data-elementor-open-lightbox=\"no\">\n\t\t\t\t\t<div class=\"e-gallery-image elementor-gallery-item__image\" data-thumbnail=\"https:\/\/egliseconfluence.fr\/wp-content\/uploads\/2025\/11\/IMG_6407-225x300.jpg\" data-width=\"225\" data-height=\"300\" aria-label=\"\" role=\"img\" ><\/div>\n\t\t\t\t\t\t\t\t\t\t\t<div class=\"elementor-gallery-item__overlay\"><\/div>\n\t\t\t\t\t\t\t\t\t\t\t\t\t\t<\/a>\n\t\t\t\t\t\t\t<a class=\"e-gallery-item elementor-gallery-item elementor-animated-content\" href=\"https:\/\/egliseconfluence.fr\/wp-content\/uploads\/2025\/11\/IMG_2942-scaled.jpg\" data-elementor-open-lightbox=\"no\">\n\t\t\t\t\t<div class=\"e-gallery-image elementor-gallery-item__image\" data-thumbnail=\"https:\/\/egliseconfluence.fr\/wp-content\/uploads\/2025\/11\/IMG_2942-225x300.jpg\" data-width=\"225\" data-height=\"300\" aria-label=\"\" role=\"img\" ><\/div>\n\t\t\t\t\t\t\t\t\t\t\t<div class=\"elementor-gallery-item__overlay\"><\/div>\n\t\t\t\t\t\t\t\t\t\t\t\t\t\t<\/a>\n\t\t\t\t\t\t\t<a class=\"e-gallery-item elementor-gallery-item elementor-animated-content\" href=\"https:\/\/egliseconfluence.fr\/wp-content\/uploads\/2025\/11\/IMG_4006-scaled.jpg\" data-elementor-open-lightbox=\"no\">\n\t\t\t\t\t<div class=\"e-gallery-image elementor-gallery-item__image\" data-thumbnail=\"https:\/\/egliseconfluence.fr\/wp-content\/uploads\/2025\/11\/IMG_4006-225x300.jpg\" data-width=\"225\" data-height=\"300\" aria-label=\"\" role=\"img\" ><\/div>\n\t\t\t\t\t\t\t\t\t\t\t<div class=\"elementor-gallery-item__overlay\"><\/div>\n\t\t\t\t\t\t\t\t\t\t\t\t\t\t<\/a>\n\t\t\t\t\t<\/div>\n\t\t\t\t\t<\/div>\n\t\t\t\t<\/div>\n\t\t\t\t<\/div>\n\t\t\t\t<\/div>\n\t\t\t\t<\/div>\n\t\t","protected":false},"excerpt":{"rendered":"<p>QUI SOMMES-NOUS ? C&rsquo;est en 2011 que George et Gill Tee, membres du r\u00e9seau d&rsquo;\u00e9glises New Ground, re\u00e7oivent une conviction : implanter une \u00e9glise \u00e0 Lyon et impacter la ville par le message de l&rsquo;\u00e9vangile. Deux ann\u00e9es plus tard, ce projet devient r\u00e9alit\u00e9 avec l&rsquo;arriv\u00e9e d&rsquo;une \u00e9quipe de sept Parisiens venus poser les bases de [&hellip;]<\/p>\n","protected":false},"author":2,"featured_media":0,"parent":0,"menu_order":0,"comment_status":"closed","ping_status":"closed","template":"","meta":{"footnotes":""},"class_list":["post-637","page","type-page","status-publish","hentry"],"yoast_head":"<!-- This site is optimized with the Yoast SEO plugin v26.9 - https:\/\/yoast.com\/product\/yoast-seo-wordpress\/ -->\n<title>Qui sommes nous ? - Eglise Confluence<\/title>\n<meta name=\"robots\" content=\"index, follow, max-snippet:-1, max-image-preview:large, max-video-preview:-1\" \/>\n<link rel=\"canonical\" href=\"https:\/\/egliseconfluence.fr\/?page_id=637\" \/>\n<meta property=\"og:locale\" content=\"fr_FR\" \/>\n<meta property=\"og:type\" content=\"article\" \/>\n<meta property=\"og:title\" content=\"Qui sommes nous ? - Eglise Confluence\" \/>\n<meta property=\"og:description\" content=\"QUI SOMMES-NOUS ? C&rsquo;est en 2011 que George et Gill Tee, membres du r\u00e9seau d&rsquo;\u00e9glises New Ground, re\u00e7oivent une conviction : implanter une \u00e9glise \u00e0 Lyon et impacter la ville par le message de l&rsquo;\u00e9vangile. Deux ann\u00e9es plus tard, ce projet devient r\u00e9alit\u00e9 avec l&rsquo;arriv\u00e9e d&rsquo;une \u00e9quipe de sept Parisiens venus poser les bases de [&hellip;]\" \/>\n<meta property=\"og:url\" content=\"https:\/\/egliseconfluence.fr\/?page_id=637\" \/>\n<meta property=\"og:site_name\" content=\"Eglise Confluence\" \/>\n<meta property=\"article:publisher\" content=\"https:\/\/www.facebook.com\/egliseconfluence\" \/>\n<meta property=\"article:modified_time\" content=\"2025-11-07T15:45:19+00:00\" \/>\n<meta name=\"twitter:card\" content=\"summary_large_image\" \/>\n<meta name=\"twitter:label1\" content=\"Dur\u00e9e de lecture estim\u00e9e\" \/>\n\t<meta name=\"twitter:data1\" content=\"2 minutes\" \/>\n<script type=\"application\/ld+json\" class=\"yoast-schema-graph\">{\"@context\":\"https:\/\/schema.org\",\"@graph\":[{\"@type\":\"WebPage\",\"@id\":\"https:\/\/egliseconfluence.fr\/?page_id=637\",\"url\":\"https:\/\/egliseconfluence.fr\/?page_id=637\",\"name\":\"Qui sommes nous ? - Eglise Confluence\",\"isPartOf\":{\"@id\":\"https:\/\/egliseconfluence.fr\/#website\"},\"datePublished\":\"2024-11-20T15:08:31+00:00\",\"dateModified\":\"2025-11-07T15:45:19+00:00\",\"breadcrumb\":{\"@id\":\"https:\/\/egliseconfluence.fr\/?page_id=637#breadcrumb\"},\"inLanguage\":\"fr-FR\",\"potentialAction\":[{\"@type\":\"ReadAction\",\"target\":[\"https:\/\/egliseconfluence.fr\/?page_id=637\"]}]},{\"@type\":\"BreadcrumbList\",\"@id\":\"https:\/\/egliseconfluence.fr\/?page_id=637#breadcrumb\",\"itemListElement\":[{\"@type\":\"ListItem\",\"position\":1,\"name\":\"Accueil\",\"item\":\"https:\/\/egliseconfluence.fr\/\"},{\"@type\":\"ListItem\",\"position\":2,\"name\":\"Qui sommes nous ?\"}]},{\"@type\":\"WebSite\",\"@id\":\"https:\/\/egliseconfluence.fr\/#website\",\"url\":\"https:\/\/egliseconfluence.fr\/\",\"name\":\"Eglise \u00e9vang\u00e9lique Confluence\",\"description\":\"Une \u00e9glise fond\u00e9e sur la Parole et port\u00e9e par l&#039;Esprit\",\"publisher\":{\"@id\":\"https:\/\/egliseconfluence.fr\/#organization\"},\"potentialAction\":[{\"@type\":\"SearchAction\",\"target\":{\"@type\":\"EntryPoint\",\"urlTemplate\":\"https:\/\/egliseconfluence.fr\/?s={search_term_string}\"},\"query-input\":{\"@type\":\"PropertyValueSpecification\",\"valueRequired\":true,\"valueName\":\"search_term_string\"}}],\"inLanguage\":\"fr-FR\"},{\"@type\":\"Organization\",\"@id\":\"https:\/\/egliseconfluence.fr\/#organization\",\"name\":\"Eglise Confluence Lyon\",\"url\":\"https:\/\/egliseconfluence.fr\/\",\"logo\":{\"@type\":\"ImageObject\",\"inLanguage\":\"fr-FR\",\"@id\":\"https:\/\/egliseconfluence.fr\/#\/schema\/logo\/image\/\",\"url\":\"https:\/\/egliseconfluence.fr\/wp-content\/uploads\/2024\/04\/LogoConfluence.svg\",\"contentUrl\":\"https:\/\/egliseconfluence.fr\/wp-content\/uploads\/2024\/04\/LogoConfluence.svg\",\"width\":559,\"height\":538,\"caption\":\"Eglise Confluence Lyon\"},\"image\":{\"@id\":\"https:\/\/egliseconfluence.fr\/#\/schema\/logo\/image\/\"},\"sameAs\":[\"https:\/\/www.facebook.com\/egliseconfluence\",\"https:\/\/www.instagram.com\/egliseconfluence\/\",\"https:\/\/www.youtube.com\/@egliseconfluencelyon\"]}]}<\/script>\n<!-- \/ Yoast SEO plugin. -->","yoast_head_json":{"title":"Qui sommes nous ? - Eglise Confluence","robots":{"index":"index","follow":"follow","max-snippet":"max-snippet:-1","max-image-preview":"max-image-preview:large","max-video-preview":"max-video-preview:-1"},"canonical":"https:\/\/egliseconfluence.fr\/?page_id=637","og_locale":"fr_FR","og_type":"article","og_title":"Qui sommes nous ? - Eglise Confluence","og_description":"QUI SOMMES-NOUS ? C&rsquo;est en 2011 que George et Gill Tee, membres du r\u00e9seau d&rsquo;\u00e9glises New Ground, re\u00e7oivent une conviction : implanter une \u00e9glise \u00e0 Lyon et impacter la ville par le message de l&rsquo;\u00e9vangile. Deux ann\u00e9es plus tard, ce projet devient r\u00e9alit\u00e9 avec l&rsquo;arriv\u00e9e d&rsquo;une \u00e9quipe de sept Parisiens venus poser les bases de [&hellip;]","og_url":"https:\/\/egliseconfluence.fr\/?page_id=637","og_site_name":"Eglise Confluence","article_publisher":"https:\/\/www.facebook.com\/egliseconfluence","article_modified_time":"2025-11-07T15:45:19+00:00","twitter_card":"summary_large_image","twitter_misc":{"Dur\u00e9e de lecture estim\u00e9e":"2 minutes"},"schema":{"@context":"https:\/\/schema.org","@graph":[{"@type":"WebPage","@id":"https:\/\/egliseconfluence.fr\/?page_id=637","url":"https:\/\/egliseconfluence.fr\/?page_id=637","name":"Qui sommes nous ? - Eglise Confluence","isPartOf":{"@id":"https:\/\/egliseconfluence.fr\/#website"},"datePublished":"2024-11-20T15:08:31+00:00","dateModified":"2025-11-07T15:45:19+00:00","breadcrumb":{"@id":"https:\/\/egliseconfluence.fr\/?page_id=637#breadcrumb"},"inLanguage":"fr-FR","potentialAction":[{"@type":"ReadAction","target":["https:\/\/egliseconfluence.fr\/?page_id=637"]}]},{"@type":"BreadcrumbList","@id":"https:\/\/egliseconfluence.fr\/?page_id=637#breadcrumb","itemListElement":[{"@type":"ListItem","position":1,"name":"Accueil","item":"https:\/\/egliseconfluence.fr\/"},{"@type":"ListItem","position":2,"name":"Qui sommes nous ?"}]},{"@type":"WebSite","@id":"https:\/\/egliseconfluence.fr\/#website","url":"https:\/\/egliseconfluence.fr\/","name":"Eglise \u00e9vang\u00e9lique Confluence","description":"Une \u00e9glise fond\u00e9e sur la Parole et port\u00e9e par l&#039;Esprit","publisher":{"@id":"https:\/\/egliseconfluence.fr\/#organization"},"potentialAction":[{"@type":"SearchAction","target":{"@type":"EntryPoint","urlTemplate":"https:\/\/egliseconfluence.fr\/?s={search_term_string}"},"query-input":{"@type":"PropertyValueSpecification","valueRequired":true,"valueName":"search_term_string"}}],"inLanguage":"fr-FR"},{"@type":"Organization","@id":"https:\/\/egliseconfluence.fr\/#organization","name":"Eglise Confluence Lyon","url":"https:\/\/egliseconfluence.fr\/","logo":{"@type":"ImageObject","inLanguage":"fr-FR","@id":"https:\/\/egliseconfluence.fr\/#\/schema\/logo\/image\/","url":"https:\/\/egliseconfluence.fr\/wp-content\/uploads\/2024\/04\/LogoConfluence.svg","contentUrl":"https:\/\/egliseconfluence.fr\/wp-content\/uploads\/2024\/04\/LogoConfluence.svg","width":559,"height":538,"caption":"Eglise Confluence Lyon"},"image":{"@id":"https:\/\/egliseconfluence.fr\/#\/schema\/logo\/image\/"},"sameAs":["https:\/\/www.facebook.com\/egliseconfluence","https:\/\/www.instagram.com\/egliseconfluence\/","https:\/\/www.youtube.com\/@egliseconfluencelyon"]}]}},"_links":{"self":[{"href":"https:\/\/egliseconfluence.fr\/index.php?rest_route=\/wp\/v2\/pages\/637","targetHints":{"allow":["GET"]}}],"collection":[{"href":"https:\/\/egliseconfluence.fr\/index.php?rest_route=\/wp\/v2\/pages"}],"about":[{"href":"https:\/\/egliseconfluence.fr\/index.php?rest_route=\/wp\/v2\/types\/page"}],"author":[{"embeddable":true,"href":"https:\/\/egliseconfluence.fr\/index.php?rest_route=\/wp\/v2\/users\/2"}],"replies":[{"embeddable":true,"href":"https:\/\/egliseconfluence.fr\/index.php?rest_route=%2Fwp%2Fv2%2Fcomments&post=637"}],"version-history":[{"count":68,"href":"https:\/\/egliseconfluence.fr\/index.php?rest_route=\/wp\/v2\/pages\/637\/revisions"}],"predecessor-version":[{"id":943,"href":"https:\/\/egliseconfluence.fr\/index.php?rest_route=\/wp\/v2\/pages\/637\/revisions\/943"}],"wp:attachment":[{"href":"https:\/\/egliseconfluence.fr\/index.php?rest_route=%2Fwp%2Fv2%2Fmedia&parent=637"}],"curies":[{"name":"wp","href":"https:\/\/api.w.org\/{rel}","templated":true}]}}