{"id":724,"date":"2025-03-11T14:55:44","date_gmt":"2025-03-11T13:55:44","guid":{"rendered":"https:\/\/egliseconfluence.fr\/?page_id=724"},"modified":"2025-03-11T18:39:03","modified_gmt":"2025-03-11T17:39:03","slug":"ressources","status":"publish","type":"page","link":"https:\/\/egliseconfluence.fr\/?page_id=724","title":{"rendered":"Ressources"},"content":{"rendered":"\t\t<div data-elementor-type=\"wp-page\" data-elementor-id=\"724\" class=\"elementor elementor-724\" data-elementor-post-type=\"page\">\n\t\t\t\t<div class=\"elementor-element elementor-element-4c929a2 e-flex e-con-boxed e-con e-parent\" data-id=\"4c929a2\" data-element_type=\"container\" data-e-type=\"container\" data-settings=\"{&quot;background_background&quot;:&quot;classic&quot;}\">\n\t\t\t\t\t<div class=\"e-con-inner\">\n\t\t\t\t<div class=\"elementor-element elementor-element-a6e19da elementor-widget-divider--view-line elementor-widget elementor-widget-divider\" data-id=\"a6e19da\" data-element_type=\"widget\" data-e-type=\"widget\" data-widget_type=\"divider.default\">\n\t\t\t\t<div class=\"elementor-widget-container\">\n\t\t\t\t\t\t\t<div class=\"elementor-divider\">\n\t\t\t<span class=\"elementor-divider-separator\">\n\t\t\t\t\t\t<\/span>\n\t\t<\/div>\n\t\t\t\t\t\t<\/div>\n\t\t\t\t<\/div>\n\t\t\t\t\t<\/div>\n\t\t\t\t<\/div>\n\t\t<div class=\"elementor-element elementor-element-5132d598 e-con-full e-flex e-con e-parent\" data-id=\"5132d598\" data-element_type=\"container\" data-e-type=\"container\" data-settings=\"{&quot;background_background&quot;:&quot;classic&quot;}\">\n\t\t\t\t<div class=\"elementor-element elementor-element-724cf8ce elementor-cta--skin-cover elementor-cta--valign-middle elementor-widget__width-initial elementor-widget elementor-widget-call-to-action\" data-id=\"724cf8ce\" data-element_type=\"widget\" data-e-type=\"widget\" data-widget_type=\"call-to-action.default\">\n\t\t\t\t<div class=\"elementor-widget-container\">\n\t\t\t\t\t\t\t<a class=\"elementor-cta\" href=\"https:\/\/open.spotify.com\/show\/3s1asZdfwnzrfR4YLZhwOS?si=ed02abe80efb4610\" target=\"_blank\">\n\t\t\t\t\t<div class=\"elementor-cta__bg-wrapper\">\n\t\t\t\t<div class=\"elementor-cta__bg elementor-bg\" style=\"background-image: url(https:\/\/egliseconfluence.fr\/wp-content\/uploads\/2025\/03\/Spotify.png);\" role=\"img\" aria-label=\"Spotify\"><\/div>\n\t\t\t\t<div class=\"elementor-cta__bg-overlay\"><\/div>\n\t\t\t<\/div>\n\t\t\t\t\t\t\t<div class=\"elementor-cta__content\">\n\t\t\t\t\n\t\t\t\t\t\t\t\t\t<span class=\"elementor-cta__title elementor-cta__content-item elementor-content-item\">\n\t\t\t\t\t\tPr\u00e9dications\t\t\t\t\t<\/span>\n\t\t\t\t\n\t\t\t\t\t\t\t\t\t<div class=\"elementor-cta__description elementor-cta__content-item elementor-content-item\">\n\t\t\t\t\t\tEcouter les pr\u00e9dications de l'\u00e9glise en replay sur Spotify\t\t\t\t\t<\/div>\n\t\t\t\t\n\t\t\t\t\t\t\t<\/div>\n\t\t\t\t\t\t<\/a>\n\t\t\t\t\t\t<\/div>\n\t\t\t\t<\/div>\n\t\t\t\t<div class=\"elementor-element elementor-element-3aea79ec elementor-cta--skin-cover elementor-cta--valign-middle elementor-widget__width-initial elementor-widget elementor-widget-call-to-action\" data-id=\"3aea79ec\" data-element_type=\"widget\" data-e-type=\"widget\" data-widget_type=\"call-to-action.default\">\n\t\t\t\t<div class=\"elementor-widget-container\">\n\t\t\t\t\t\t\t<a class=\"elementor-cta\" href=\"https:\/\/linktr.ee\/theconfluencetalk\" target=\"_blank\">\n\t\t\t\t\t<div class=\"elementor-cta__bg-wrapper\">\n\t\t\t\t<div class=\"elementor-cta__bg elementor-bg\" style=\"background-image: url(https:\/\/egliseconfluence.fr\/wp-content\/uploads\/2025\/03\/Logo.png);\" role=\"img\" aria-label=\"The Confluence Talk\"><\/div>\n\t\t\t\t<div class=\"elementor-cta__bg-overlay\"><\/div>\n\t\t\t<\/div>\n\t\t\t\t\t\t\t<div class=\"elementor-cta__content\">\n\t\t\t\t\n\t\t\t\t\t\t\t\t\t<span class=\"elementor-cta__title elementor-cta__content-item elementor-content-item\">\n\t\t\t\t\t\tThe Confluence Talk\t\t\t\t\t<\/span>\n\t\t\t\t\n\t\t\t\t\t\t\t\t\t<div class=\"elementor-cta__description elementor-cta__content-item elementor-content-item\">\n\t\t\t\t\t\tLe podcast qui parle de notre \u00e9glise, notre vision, nos valeurs. Rendez-vous toutes les deux semaines le vendredi \u00e0 7h00 pour un nouvel \u00e9pisode.\t\t\t\t\t<\/div>\n\t\t\t\t\n\t\t\t\t\t\t\t<\/div>\n\t\t\t\t\t\t<\/a>\n\t\t\t\t\t\t<\/div>\n\t\t\t\t<\/div>\n\t\t\t\t<div class=\"elementor-element elementor-element-6e362408 elementor-cta--skin-cover elementor-cta--valign-middle elementor-widget__width-initial elementor-widget elementor-widget-call-to-action\" data-id=\"6e362408\" data-element_type=\"widget\" data-e-type=\"widget\" data-widget_type=\"call-to-action.default\">\n\t\t\t\t<div class=\"elementor-widget-container\">\n\t\t\t\t\t\t\t<a class=\"elementor-cta\" href=\"https:\/\/formation-itrc.fr\" target=\"_blank\">\n\t\t\t\t\t<div class=\"elementor-cta__bg-wrapper\">\n\t\t\t\t<div class=\"elementor-cta__bg elementor-bg\" style=\"background-image: url(https:\/\/egliseconfluence.fr\/wp-content\/uploads\/2025\/03\/ITRC-FINAL-05.jpg);\" role=\"img\" aria-label=\"ITRC FINAL-05\"><\/div>\n\t\t\t\t<div class=\"elementor-cta__bg-overlay\"><\/div>\n\t\t\t<\/div>\n\t\t\t\t\t\t\t<div class=\"elementor-cta__content\">\n\t\t\t\t\n\t\t\t\t\t\t\t\t\t<span class=\"elementor-cta__title elementor-cta__content-item elementor-content-item\">\n\t\t\t\t\t\tITRC\t\t\t\t\t<\/span>\n\t\t\t\t\n\t\t\t\t\t\t\t\t\t<div class=\"elementor-cta__description elementor-cta__content-item elementor-content-item\">\n\t\t\t\t\t\tFond\u00e9 en 2023, l\u2019Institut de Th\u00e9ologie R\u00e9form\u00e9e Charismatique (ITRC) a pour mission d\u2019offrir une formation biblique et th\u00e9ologique approfondie.\t\t\t\t\t<\/div>\n\t\t\t\t\n\t\t\t\t\t\t\t<\/div>\n\t\t\t\t\t\t<\/a>\n\t\t\t\t\t\t<\/div>\n\t\t\t\t<\/div>\n\t\t\t\t<div class=\"elementor-element elementor-element-1efb706e elementor-cta--skin-cover elementor-cta--valign-middle elementor-widget__width-initial elementor-widget elementor-widget-call-to-action\" data-id=\"1efb706e\" data-element_type=\"widget\" data-e-type=\"widget\" data-widget_type=\"call-to-action.default\">\n\t\t\t\t<div class=\"elementor-widget-container\">\n\t\t\t\t\t\t\t<a class=\"elementor-cta\" href=\"https:\/\/new-ground.fr\/wp\/\" target=\"_blank\">\n\t\t\t\t\t<div class=\"elementor-cta__bg-wrapper\">\n\t\t\t\t<div class=\"elementor-cta__bg elementor-bg\" style=\"background-image: url(https:\/\/egliseconfluence.fr\/wp-content\/uploads\/2025\/03\/new-ground-logo.png);\" role=\"img\" aria-label=\"new-ground-logo\"><\/div>\n\t\t\t\t<div class=\"elementor-cta__bg-overlay\"><\/div>\n\t\t\t<\/div>\n\t\t\t\t\t\t\t<div class=\"elementor-cta__content\">\n\t\t\t\t\n\t\t\t\t\t\t\t\t\t<span class=\"elementor-cta__title elementor-cta__content-item elementor-content-item\">\n\t\t\t\t\t\tNew Ground France\t\t\t\t\t<\/span>\n\t\t\t\t\n\t\t\t\t\t\t\t\t\t<div class=\"elementor-cta__description elementor-cta__content-item elementor-content-item\">\n\t\t\t\t\t\tUne famille d'\u00e9glise ensemble en mission. New Ground fait partie d\u2019une famille d\u2019\u00e9glises plus grande appel\u00e9e Newfrontiers, qui a \u00e9t\u00e9 form\u00e9e dans les ann\u00e9es 1980 par Terry Virgo et une petite \u00e9quipe apostolique dans le sud-est de l\u2019Angleterre.\t\t\t\t\t<\/div>\n\t\t\t\t\n\t\t\t\t\t\t\t<\/div>\n\t\t\t\t\t\t<\/a>\n\t\t\t\t\t\t<\/div>\n\t\t\t\t<\/div>\n\t\t\t\t<div class=\"elementor-element elementor-element-b567ac2 elementor-cta--skin-cover elementor-cta--valign-middle elementor-widget__width-initial elementor-widget elementor-widget-call-to-action\" data-id=\"b567ac2\" data-element_type=\"widget\" data-e-type=\"widget\" data-widget_type=\"call-to-action.default\">\n\t\t\t\t<div class=\"elementor-widget-container\">\n\t\t\t\t\t\t\t<a class=\"elementor-cta\" href=\"https:\/\/apologia.fr\/\" target=\"_blank\">\n\t\t\t\t\t<div class=\"elementor-cta__bg-wrapper\">\n\t\t\t\t<div class=\"elementor-cta__bg elementor-bg\" style=\"background-image: url(https:\/\/egliseconfluence.fr\/wp-content\/uploads\/2025\/03\/Logo-Apologia.png);\" role=\"img\" aria-label=\"Logo Apologia\"><\/div>\n\t\t\t\t<div class=\"elementor-cta__bg-overlay\"><\/div>\n\t\t\t<\/div>\n\t\t\t\t\t\t\t<div class=\"elementor-cta__content\">\n\t\t\t\t\n\t\t\t\t\t\t\t\t\t<span class=\"elementor-cta__title elementor-cta__content-item elementor-content-item\">\n\t\t\t\t\t\tApologia\t\t\t\t\t<\/span>\n\t\t\t\t\n\t\t\t\t\t\t\t\t\t<div class=\"elementor-cta__description elementor-cta__content-item elementor-content-item\">\n\t\t\t\t\t\t\nApologia est un collectif de penseurs chr\u00e9tiens qui a une passion pour la v\u00e9rit\u00e9. Nous avons d\u00e9velopp\u00e9 cette plateforme pour apporter des r\u00e9flexions sur les questions relatives \u00e0 la d\u00e9fense de la foi chr\u00e9tienne h\u00e9rit\u00e9e des ap\u00f4tres et contenue dans la Bible.  Nous rentrons en conversation avec les grands courants de pens\u00e9e qui ont marqu\u00e9 l\u2019histoire et qui ont donn\u00e9 forme aux cultures d\u2019aujourd\u2019hui.\t\t\t\t\t<\/div>\n\t\t\t\t\n\t\t\t\t\t\t\t<\/div>\n\t\t\t\t\t\t<\/a>\n\t\t\t\t\t\t<\/div>\n\t\t\t\t<\/div>\n\t\t\t\t<div class=\"elementor-element elementor-element-b4160eb elementor-cta--skin-cover elementor-cta--valign-middle elementor-widget__width-initial elementor-widget elementor-widget-call-to-action\" data-id=\"b4160eb\" data-element_type=\"widget\" data-e-type=\"widget\" data-widget_type=\"call-to-action.default\">\n\t\t\t\t<div class=\"elementor-widget-container\">\n\t\t\t\t\t\t\t<a class=\"elementor-cta\" href=\"https:\/\/editionsnff.fr\/\" target=\"_blank\">\n\t\t\t\t\t<div class=\"elementor-cta__bg-wrapper\">\n\t\t\t\t<div class=\"elementor-cta__bg elementor-bg\" style=\"background-image: url(https:\/\/egliseconfluence.fr\/wp-content\/uploads\/2025\/03\/Logo-NFF.png);\" role=\"img\" aria-label=\"Logo NFF\"><\/div>\n\t\t\t\t<div class=\"elementor-cta__bg-overlay\"><\/div>\n\t\t\t<\/div>\n\t\t\t\t\t\t\t<div class=\"elementor-cta__content\">\n\t\t\t\t\n\t\t\t\t\t\t\t\t\t<span class=\"elementor-cta__title elementor-cta__content-item elementor-content-item\">\n\t\t\t\t\t\tEditions NFF\t\t\t\t\t<\/span>\n\t\t\t\t\n\t\t\t\t\t\t\t\t\t<div class=\"elementor-cta__description elementor-cta__content-item elementor-content-item\">\n\t\t\t\t\t\tNFF est la maison d'\u00e9dition de notre grande famille d'\u00e9glises, Nouvelles Fronti\u00e8res France. Avec ses cinq collections d'ouvrages, elle a pour mission d'inspirer et d'\u00e9quiper ses lecteurs, en les accompagnant dans leur parcours de foi.\t\t\t\t\t<\/div>\n\t\t\t\t\n\t\t\t\t\t\t\t<\/div>\n\t\t\t\t\t\t<\/a>\n\t\t\t\t\t\t<\/div>\n\t\t\t\t<\/div>\n\t\t\t\t<\/div>\n\t\t<div class=\"elementor-element elementor-element-9ba4e8e e-flex e-con-boxed e-con e-parent\" data-id=\"9ba4e8e\" data-element_type=\"container\" data-e-type=\"container\" data-settings=\"{&quot;background_background&quot;:&quot;classic&quot;}\">\n\t\t\t\t\t<div class=\"e-con-inner\">\n\t\t\t\t<div class=\"elementor-element elementor-element-1b8dd47 elementor-widget-divider--view-line elementor-widget elementor-widget-divider\" data-id=\"1b8dd47\" data-element_type=\"widget\" data-e-type=\"widget\" data-widget_type=\"divider.default\">\n\t\t\t\t<div class=\"elementor-widget-container\">\n\t\t\t\t\t\t\t<div class=\"elementor-divider\">\n\t\t\t<span class=\"elementor-divider-separator\">\n\t\t\t\t\t\t<\/span>\n\t\t<\/div>\n\t\t\t\t\t\t<\/div>\n\t\t\t\t<\/div>\n\t\t\t\t\t<\/div>\n\t\t\t\t<\/div>\n\t\t\t\t<\/div>\n\t\t","protected":false},"excerpt":{"rendered":"<p>Pr\u00e9dications Ecouter les pr\u00e9dications de l&rsquo;\u00e9glise en replay sur Spotify The Confluence Talk Le podcast qui parle de notre \u00e9glise, notre vision, nos valeurs. Rendez-vous toutes les deux semaines le vendredi \u00e0 7h00 pour un nouvel \u00e9pisode. ITRC Fond\u00e9 en 2023, l\u2019Institut de Th\u00e9ologie R\u00e9form\u00e9e Charismatique (ITRC) a pour mission d\u2019offrir une formation biblique et [&hellip;]<\/p>\n","protected":false},"author":2,"featured_media":0,"parent":0,"menu_order":0,"comment_status":"closed","ping_status":"closed","template":"","meta":{"footnotes":""},"class_list":["post-724","page","type-page","status-publish","hentry"],"yoast_head":"<!-- This site is optimized with the Yoast SEO plugin v26.9 - https:\/\/yoast.com\/product\/yoast-seo-wordpress\/ -->\n<title>Ressources - Eglise Confluence<\/title>\n<meta name=\"robots\" content=\"index, follow, max-snippet:-1, max-image-preview:large, max-video-preview:-1\" \/>\n<link rel=\"canonical\" href=\"https:\/\/egliseconfluence.fr\/?page_id=724\" \/>\n<meta property=\"og:locale\" content=\"fr_FR\" \/>\n<meta property=\"og:type\" content=\"article\" \/>\n<meta property=\"og:title\" content=\"Ressources - Eglise Confluence\" \/>\n<meta property=\"og:description\" content=\"Pr\u00e9dications Ecouter les pr\u00e9dications de l&rsquo;\u00e9glise en replay sur Spotify The Confluence Talk Le podcast qui parle de notre \u00e9glise, notre vision, nos valeurs. Rendez-vous toutes les deux semaines le vendredi \u00e0 7h00 pour un nouvel \u00e9pisode. ITRC Fond\u00e9 en 2023, l\u2019Institut de Th\u00e9ologie R\u00e9form\u00e9e Charismatique (ITRC) a pour mission d\u2019offrir une formation biblique et [&hellip;]\" \/>\n<meta property=\"og:url\" content=\"https:\/\/egliseconfluence.fr\/?page_id=724\" \/>\n<meta property=\"og:site_name\" content=\"Eglise Confluence\" \/>\n<meta property=\"article:publisher\" content=\"https:\/\/www.facebook.com\/egliseconfluence\" \/>\n<meta property=\"article:modified_time\" content=\"2025-03-11T17:39:03+00:00\" \/>\n<meta name=\"twitter:card\" content=\"summary_large_image\" \/>\n<meta name=\"twitter:label1\" content=\"Dur\u00e9e de lecture estim\u00e9e\" \/>\n\t<meta name=\"twitter:data1\" content=\"2 minutes\" \/>\n<script type=\"application\/ld+json\" class=\"yoast-schema-graph\">{\"@context\":\"https:\/\/schema.org\",\"@graph\":[{\"@type\":\"WebPage\",\"@id\":\"https:\/\/egliseconfluence.fr\/?page_id=724\",\"url\":\"https:\/\/egliseconfluence.fr\/?page_id=724\",\"name\":\"Ressources - Eglise Confluence\",\"isPartOf\":{\"@id\":\"https:\/\/egliseconfluence.fr\/#website\"},\"datePublished\":\"2025-03-11T13:55:44+00:00\",\"dateModified\":\"2025-03-11T17:39:03+00:00\",\"breadcrumb\":{\"@id\":\"https:\/\/egliseconfluence.fr\/?page_id=724#breadcrumb\"},\"inLanguage\":\"fr-FR\",\"potentialAction\":[{\"@type\":\"ReadAction\",\"target\":[\"https:\/\/egliseconfluence.fr\/?page_id=724\"]}]},{\"@type\":\"BreadcrumbList\",\"@id\":\"https:\/\/egliseconfluence.fr\/?page_id=724#breadcrumb\",\"itemListElement\":[{\"@type\":\"ListItem\",\"position\":1,\"name\":\"Accueil\",\"item\":\"https:\/\/egliseconfluence.fr\/\"},{\"@type\":\"ListItem\",\"position\":2,\"name\":\"Ressources\"}]},{\"@type\":\"WebSite\",\"@id\":\"https:\/\/egliseconfluence.fr\/#website\",\"url\":\"https:\/\/egliseconfluence.fr\/\",\"name\":\"Eglise \u00e9vang\u00e9lique Confluence\",\"description\":\"Une \u00e9glise fond\u00e9e sur la Parole et port\u00e9e par l&#039;Esprit\",\"publisher\":{\"@id\":\"https:\/\/egliseconfluence.fr\/#organization\"},\"potentialAction\":[{\"@type\":\"SearchAction\",\"target\":{\"@type\":\"EntryPoint\",\"urlTemplate\":\"https:\/\/egliseconfluence.fr\/?s={search_term_string}\"},\"query-input\":{\"@type\":\"PropertyValueSpecification\",\"valueRequired\":true,\"valueName\":\"search_term_string\"}}],\"inLanguage\":\"fr-FR\"},{\"@type\":\"Organization\",\"@id\":\"https:\/\/egliseconfluence.fr\/#organization\",\"name\":\"Eglise Confluence Lyon\",\"url\":\"https:\/\/egliseconfluence.fr\/\",\"logo\":{\"@type\":\"ImageObject\",\"inLanguage\":\"fr-FR\",\"@id\":\"https:\/\/egliseconfluence.fr\/#\/schema\/logo\/image\/\",\"url\":\"https:\/\/egliseconfluence.fr\/wp-content\/uploads\/2024\/04\/LogoConfluence.svg\",\"contentUrl\":\"https:\/\/egliseconfluence.fr\/wp-content\/uploads\/2024\/04\/LogoConfluence.svg\",\"width\":559,\"height\":538,\"caption\":\"Eglise Confluence Lyon\"},\"image\":{\"@id\":\"https:\/\/egliseconfluence.fr\/#\/schema\/logo\/image\/\"},\"sameAs\":[\"https:\/\/www.facebook.com\/egliseconfluence\",\"https:\/\/www.instagram.com\/egliseconfluence\/\",\"https:\/\/www.youtube.com\/@egliseconfluencelyon\"]}]}<\/script>\n<!-- \/ Yoast SEO plugin. -->","yoast_head_json":{"title":"Ressources - Eglise Confluence","robots":{"index":"index","follow":"follow","max-snippet":"max-snippet:-1","max-image-preview":"max-image-preview:large","max-video-preview":"max-video-preview:-1"},"canonical":"https:\/\/egliseconfluence.fr\/?page_id=724","og_locale":"fr_FR","og_type":"article","og_title":"Ressources - Eglise Confluence","og_description":"Pr\u00e9dications Ecouter les pr\u00e9dications de l&rsquo;\u00e9glise en replay sur Spotify The Confluence Talk Le podcast qui parle de notre \u00e9glise, notre vision, nos valeurs. Rendez-vous toutes les deux semaines le vendredi \u00e0 7h00 pour un nouvel \u00e9pisode. ITRC Fond\u00e9 en 2023, l\u2019Institut de Th\u00e9ologie R\u00e9form\u00e9e Charismatique (ITRC) a pour mission d\u2019offrir une formation biblique et [&hellip;]","og_url":"https:\/\/egliseconfluence.fr\/?page_id=724","og_site_name":"Eglise Confluence","article_publisher":"https:\/\/www.facebook.com\/egliseconfluence","article_modified_time":"2025-03-11T17:39:03+00:00","twitter_card":"summary_large_image","twitter_misc":{"Dur\u00e9e de lecture estim\u00e9e":"2 minutes"},"schema":{"@context":"https:\/\/schema.org","@graph":[{"@type":"WebPage","@id":"https:\/\/egliseconfluence.fr\/?page_id=724","url":"https:\/\/egliseconfluence.fr\/?page_id=724","name":"Ressources - Eglise Confluence","isPartOf":{"@id":"https:\/\/egliseconfluence.fr\/#website"},"datePublished":"2025-03-11T13:55:44+00:00","dateModified":"2025-03-11T17:39:03+00:00","breadcrumb":{"@id":"https:\/\/egliseconfluence.fr\/?page_id=724#breadcrumb"},"inLanguage":"fr-FR","potentialAction":[{"@type":"ReadAction","target":["https:\/\/egliseconfluence.fr\/?page_id=724"]}]},{"@type":"BreadcrumbList","@id":"https:\/\/egliseconfluence.fr\/?page_id=724#breadcrumb","itemListElement":[{"@type":"ListItem","position":1,"name":"Accueil","item":"https:\/\/egliseconfluence.fr\/"},{"@type":"ListItem","position":2,"name":"Ressources"}]},{"@type":"WebSite","@id":"https:\/\/egliseconfluence.fr\/#website","url":"https:\/\/egliseconfluence.fr\/","name":"Eglise \u00e9vang\u00e9lique Confluence","description":"Une \u00e9glise fond\u00e9e sur la Parole et port\u00e9e par l&#039;Esprit","publisher":{"@id":"https:\/\/egliseconfluence.fr\/#organization"},"potentialAction":[{"@type":"SearchAction","target":{"@type":"EntryPoint","urlTemplate":"https:\/\/egliseconfluence.fr\/?s={search_term_string}"},"query-input":{"@type":"PropertyValueSpecification","valueRequired":true,"valueName":"search_term_string"}}],"inLanguage":"fr-FR"},{"@type":"Organization","@id":"https:\/\/egliseconfluence.fr\/#organization","name":"Eglise Confluence Lyon","url":"https:\/\/egliseconfluence.fr\/","logo":{"@type":"ImageObject","inLanguage":"fr-FR","@id":"https:\/\/egliseconfluence.fr\/#\/schema\/logo\/image\/","url":"https:\/\/egliseconfluence.fr\/wp-content\/uploads\/2024\/04\/LogoConfluence.svg","contentUrl":"https:\/\/egliseconfluence.fr\/wp-content\/uploads\/2024\/04\/LogoConfluence.svg","width":559,"height":538,"caption":"Eglise Confluence Lyon"},"image":{"@id":"https:\/\/egliseconfluence.fr\/#\/schema\/logo\/image\/"},"sameAs":["https:\/\/www.facebook.com\/egliseconfluence","https:\/\/www.instagram.com\/egliseconfluence\/","https:\/\/www.youtube.com\/@egliseconfluencelyon"]}]}},"_links":{"self":[{"href":"https:\/\/egliseconfluence.fr\/index.php?rest_route=\/wp\/v2\/pages\/724","targetHints":{"allow":["GET"]}}],"collection":[{"href":"https:\/\/egliseconfluence.fr\/index.php?rest_route=\/wp\/v2\/pages"}],"about":[{"href":"https:\/\/egliseconfluence.fr\/index.php?rest_route=\/wp\/v2\/types\/page"}],"author":[{"embeddable":true,"href":"https:\/\/egliseconfluence.fr\/index.php?rest_route=\/wp\/v2\/users\/2"}],"replies":[{"embeddable":true,"href":"https:\/\/egliseconfluence.fr\/index.php?rest_route=%2Fwp%2Fv2%2Fcomments&post=724"}],"version-history":[{"count":31,"href":"https:\/\/egliseconfluence.fr\/index.php?rest_route=\/wp\/v2\/pages\/724\/revisions"}],"predecessor-version":[{"id":790,"href":"https:\/\/egliseconfluence.fr\/index.php?rest_route=\/wp\/v2\/pages\/724\/revisions\/790"}],"wp:attachment":[{"href":"https:\/\/egliseconfluence.fr\/index.php?rest_route=%2Fwp%2Fv2%2Fmedia&parent=724"}],"curies":[{"name":"wp","href":"https:\/\/api.w.org\/{rel}","templated":true}]}}