{"id":765,"date":"2025-03-11T19:01:13","date_gmt":"2025-03-11T18:01:13","guid":{"rendered":"https:\/\/egliseconfluence.fr\/?page_id=765"},"modified":"2025-03-11T19:08:57","modified_gmt":"2025-03-11T18:08:57","slug":"confession-de-foi","status":"publish","type":"page","link":"https:\/\/egliseconfluence.fr\/?page_id=765","title":{"rendered":"Confession de foi"},"content":{"rendered":"\t\t<div data-elementor-type=\"wp-page\" data-elementor-id=\"765\" class=\"elementor elementor-765\" data-elementor-post-type=\"page\">\n\t\t\t\t<div class=\"elementor-element elementor-element-2dbd79c5 e-flex e-con-boxed e-con e-parent\" data-id=\"2dbd79c5\" data-element_type=\"container\" data-e-type=\"container\" data-settings=\"{&quot;background_background&quot;:&quot;classic&quot;}\">\n\t\t\t\t\t<div class=\"e-con-inner\">\n\t\t<div class=\"elementor-element elementor-element-5fc8bdfd e-con-full e-flex e-con e-child\" data-id=\"5fc8bdfd\" data-element_type=\"container\" data-e-type=\"container\" data-settings=\"{&quot;background_background&quot;:&quot;classic&quot;}\">\n\t\t\t\t<div class=\"elementor-element elementor-element-712eb8ed elementor-widget elementor-widget-image-box\" data-id=\"712eb8ed\" data-element_type=\"widget\" data-e-type=\"widget\" data-widget_type=\"image-box.default\">\n\t\t\t\t<div class=\"elementor-widget-container\">\n\t\t\t\t\t<div class=\"elementor-image-box-wrapper\"><div class=\"elementor-image-box-content\"><h4 class=\"elementor-image-box-title\">L'\u00c9criture Sainte<\/h4><p class=\"elementor-image-box-description\">Nous croyons que l'\u00c9criture Sainte est la Parole infaillible de Dieu, et qu'elle constitue l'autorit\u00e9 souveraine en mati\u00e8re de foi et de vie.<\/p><\/div><\/div>\t\t\t\t<\/div>\n\t\t\t\t<\/div>\n\t\t\t\t<div class=\"elementor-element elementor-element-3b838d96 elementor-widget elementor-widget-image-box\" data-id=\"3b838d96\" data-element_type=\"widget\" data-e-type=\"widget\" data-widget_type=\"image-box.default\">\n\t\t\t\t<div class=\"elementor-widget-container\">\n\t\t\t\t\t<div class=\"elementor-image-box-wrapper\"><div class=\"elementor-image-box-content\"><h4 class=\"elementor-image-box-title\">Le Dieu Trinitaire<\/h4><p class=\"elementor-image-box-description\">Nous croyons en un seul Dieu, existant \u00e9ternellement en trois personnes : le P\u00e8re, le Fils, et le Saint-Esprit.<\/p><\/div><\/div>\t\t\t\t<\/div>\n\t\t\t\t<\/div>\n\t\t\t\t<div class=\"elementor-element elementor-element-426150e7 elementor-widget elementor-widget-image-box\" data-id=\"426150e7\" data-element_type=\"widget\" data-e-type=\"widget\" data-widget_type=\"image-box.default\">\n\t\t\t\t<div class=\"elementor-widget-container\">\n\t\t\t\t\t<div class=\"elementor-image-box-wrapper\"><div class=\"elementor-image-box-content\"><h4 class=\"elementor-image-box-title\">J\u00e9sus-Christ<\/h4><p class=\"elementor-image-box-description\">Nous croyons en J\u00e9sus-Christ, notre Seigneur, Dieu manifest\u00e9 en chair, n\u00e9 de la Vierge Marie. Nous affirmons son humanit\u00e9 exempte de p\u00e9ch\u00e9, ses miracles, sa mort expiatoire et r\u00e9demptrice, sa r\u00e9surrection corporelle, son ascension, son \u0153uvre m\u00e9diatrice, et son retour personnel dans la puissance et la gloire.<\/p><\/div><\/div>\t\t\t\t<\/div>\n\t\t\t\t<\/div>\n\t\t\t\t<div class=\"elementor-element elementor-element-c07bc14 elementor-widget elementor-widget-image-box\" data-id=\"c07bc14\" data-element_type=\"widget\" data-e-type=\"widget\" data-widget_type=\"image-box.default\">\n\t\t\t\t<div class=\"elementor-widget-container\">\n\t\t\t\t\t<div class=\"elementor-image-box-wrapper\"><div class=\"elementor-image-box-content\"><h4 class=\"elementor-image-box-title\">Le Salut<\/h4><p class=\"elementor-image-box-description\">Nous croyons que l'homme, p\u00e9cheur et perdu, est justifi\u00e9 non par les \u0153uvres mais par la seule foi, gr\u00e2ce au sang vers\u00e9 par J\u00e9sus-Christ, notre Seigneur, et que sa r\u00e9g\u00e9n\u00e9ration est op\u00e9r\u00e9e par le Saint-Esprit.<\/p><\/div><\/div>\t\t\t\t<\/div>\n\t\t\t\t<\/div>\n\t\t\t\t<div class=\"elementor-element elementor-element-3547119 elementor-widget elementor-widget-image-box\" data-id=\"3547119\" data-element_type=\"widget\" data-e-type=\"widget\" data-widget_type=\"image-box.default\">\n\t\t\t\t<div class=\"elementor-widget-container\">\n\t\t\t\t\t<div class=\"elementor-image-box-wrapper\"><div class=\"elementor-image-box-content\"><h4 class=\"elementor-image-box-title\">L'Esprit Saint<\/h4><p class=\"elementor-image-box-description\">Nous croyons en l'Esprit Saint qui, venant demeurer en nous, nous donne le pouvoir de servir J\u00e9sus-Christ, de vivre une vie sainte, et de rendre t\u00e9moignage de notre foi.<\/p><\/div><\/div>\t\t\t\t<\/div>\n\t\t\t\t<\/div>\n\t\t\t\t<div class=\"elementor-element elementor-element-1f06673 elementor-widget elementor-widget-image-box\" data-id=\"1f06673\" data-element_type=\"widget\" data-e-type=\"widget\" data-widget_type=\"image-box.default\">\n\t\t\t\t<div class=\"elementor-widget-container\">\n\t\t\t\t\t<div class=\"elementor-image-box-wrapper\"><div class=\"elementor-image-box-content\"><h4 class=\"elementor-image-box-title\">L'\u00c9glise Universelle<\/h4><p class=\"elementor-image-box-description\">Nous croyons en l'unit\u00e9 v\u00e9ritable de tous les croyants dans le Saint-Esprit, formant ensemble l'\u00c9glise universelle, le corps du Christ.<\/p><\/div><\/div>\t\t\t\t<\/div>\n\t\t\t\t<\/div>\n\t\t\t\t<div class=\"elementor-element elementor-element-0e258c4 elementor-widget elementor-widget-image-box\" data-id=\"0e258c4\" data-element_type=\"widget\" data-e-type=\"widget\" data-widget_type=\"image-box.default\">\n\t\t\t\t<div class=\"elementor-widget-container\">\n\t\t\t\t\t<div class=\"elementor-image-box-wrapper\"><div class=\"elementor-image-box-content\"><h4 class=\"elementor-image-box-title\">La R\u00e9surrection et le Jugement<\/h4><p class=\"elementor-image-box-description\">Nous croyons \u00e0 la r\u00e9surrection de tous les hommes : ceux qui sont perdus ressusciteront pour le jugement, et ceux qui sont sauv\u00e9s ressusciteront pour la vie \u00e9ternelle.<\/p><\/div><\/div>\t\t\t\t<\/div>\n\t\t\t\t<\/div>\n\t\t\t\t<\/div>\n\t\t<div class=\"elementor-element elementor-element-4581d67c e-con-full e-flex e-con e-child\" data-id=\"4581d67c\" data-element_type=\"container\" data-e-type=\"container\">\n\t\t\t\t<div class=\"elementor-element elementor-element-dc6e1e5 elementor-widget elementor-widget-image\" data-id=\"dc6e1e5\" data-element_type=\"widget\" data-e-type=\"widget\" data-widget_type=\"image.default\">\n\t\t\t\t<div class=\"elementor-widget-container\">\n\t\t\t\t\t\t\t\t\t\t\t\t\t\t\t<img fetchpriority=\"high\" decoding=\"async\" width=\"2229\" height=\"2239\" src=\"https:\/\/egliseconfluence.fr\/wp-content\/uploads\/2025\/03\/Logo-Confluence-Orange.png\" class=\"attachment-full size-full wp-image-794\" alt=\"\" srcset=\"https:\/\/egliseconfluence.fr\/wp-content\/uploads\/2025\/03\/Logo-Confluence-Orange.png 2229w, https:\/\/egliseconfluence.fr\/wp-content\/uploads\/2025\/03\/Logo-Confluence-Orange-300x300.png 300w, https:\/\/egliseconfluence.fr\/wp-content\/uploads\/2025\/03\/Logo-Confluence-Orange-1019x1024.png 1019w, https:\/\/egliseconfluence.fr\/wp-content\/uploads\/2025\/03\/Logo-Confluence-Orange-150x150.png 150w, https:\/\/egliseconfluence.fr\/wp-content\/uploads\/2025\/03\/Logo-Confluence-Orange-768x771.png 768w, https:\/\/egliseconfluence.fr\/wp-content\/uploads\/2025\/03\/Logo-Confluence-Orange-1529x1536.png 1529w, https:\/\/egliseconfluence.fr\/wp-content\/uploads\/2025\/03\/Logo-Confluence-Orange-2039x2048.png 2039w\" sizes=\"(max-width: 2229px) 100vw, 2229px\" \/>\t\t\t\t\t\t\t\t\t\t\t\t\t\t\t<\/div>\n\t\t\t\t<\/div>\n\t\t\t\t<div class=\"elementor-element elementor-element-2c3dd037 elementor-widget elementor-widget-heading\" data-id=\"2c3dd037\" data-element_type=\"widget\" data-e-type=\"widget\" data-widget_type=\"heading.default\">\n\t\t\t\t<div class=\"elementor-widget-container\">\n\t\t\t\t\t<h2 class=\"elementor-heading-title elementor-size-default\">Notre confession de foi<\/h2>\t\t\t\t<\/div>\n\t\t\t\t<\/div>\n\t\t\t\t<div class=\"elementor-element elementor-element-1bb5c186 elementor-widget elementor-widget-text-editor\" data-id=\"1bb5c186\" data-element_type=\"widget\" data-e-type=\"widget\" data-widget_type=\"text-editor.default\">\n\t\t\t\t<div class=\"elementor-widget-container\">\n\t\t\t\t\t\t\t\t\t<p>Ce que nous croyons : une foi vivante fond\u00e9e sur l\u2019\u00c9criture et l\u2019\u0153uvre du Saint-Esprit.<\/p>\t\t\t\t\t\t\t\t<\/div>\n\t\t\t\t<\/div>\n\t\t\t\t<div class=\"elementor-element elementor-element-d98def2 elementor-widget elementor-widget-text-editor\" data-id=\"d98def2\" data-element_type=\"widget\" data-e-type=\"widget\" data-widget_type=\"text-editor.default\">\n\t\t\t\t<div class=\"elementor-widget-container\">\n\t\t\t\t\t\t\t\t\t<p>Vous souhaitez mieux comprendre les fondements de notre foi, notre vision et notre engagement en tant qu\u2019\u00c9glise ?<\/p><p>Nous vous invitons \u00e0 t\u00e9l\u00e9charger notre livret de membre, qui vous apportera un aper\u00e7u d\u00e9taill\u00e9 de nos valeurs, de notre mission et de la vie communautaire que nous cultivons.<\/p>\t\t\t\t\t\t\t\t<\/div>\n\t\t\t\t<\/div>\n\t\t\t\t<div class=\"elementor-element elementor-element-2fce98f elementor-widget elementor-widget-button\" data-id=\"2fce98f\" data-element_type=\"widget\" data-e-type=\"widget\" data-widget_type=\"button.default\">\n\t\t\t\t<div class=\"elementor-widget-container\">\n\t\t\t\t\t\t\t\t\t<div class=\"elementor-button-wrapper\">\n\t\t\t\t\t<a class=\"elementor-button elementor-button-link elementor-size-sm\" href=\"https:\/\/drive.google.com\/file\/d\/1Xhqi98MyKIv9oxgx8hrYKFIaDZPcBy-T\/view?usp=share_link\" target=\"_blank\">\n\t\t\t\t\t\t<span class=\"elementor-button-content-wrapper\">\n\t\t\t\t\t\t\t\t\t<span class=\"elementor-button-text\">Acc\u00e9der au livret membre<\/span>\n\t\t\t\t\t<\/span>\n\t\t\t\t\t<\/a>\n\t\t\t\t<\/div>\n\t\t\t\t\t\t\t\t<\/div>\n\t\t\t\t<\/div>\n\t\t\t\t<\/div>\n\t\t\t\t\t<\/div>\n\t\t\t\t<\/div>\n\t\t\t\t<\/div>\n\t\t","protected":false},"excerpt":{"rendered":"<p>L&rsquo;\u00c9criture Sainte Nous croyons que l&rsquo;\u00c9criture Sainte est la Parole infaillible de Dieu, et qu&rsquo;elle constitue l&rsquo;autorit\u00e9 souveraine en mati\u00e8re de foi et de vie. Le Dieu Trinitaire Nous croyons en un seul Dieu, existant \u00e9ternellement en trois personnes : le P\u00e8re, le Fils, et le Saint-Esprit. J\u00e9sus-Christ Nous croyons en J\u00e9sus-Christ, notre Seigneur, Dieu [&hellip;]<\/p>\n","protected":false},"author":2,"featured_media":0,"parent":0,"menu_order":0,"comment_status":"closed","ping_status":"closed","template":"","meta":{"footnotes":""},"class_list":["post-765","page","type-page","status-publish","hentry"],"yoast_head":"<!-- This site is optimized with the Yoast SEO plugin v26.9 - https:\/\/yoast.com\/product\/yoast-seo-wordpress\/ -->\n<title>Confession de foi - Eglise Confluence<\/title>\n<meta name=\"robots\" content=\"index, follow, max-snippet:-1, max-image-preview:large, max-video-preview:-1\" \/>\n<link rel=\"canonical\" href=\"https:\/\/egliseconfluence.fr\/?page_id=765\" \/>\n<meta property=\"og:locale\" content=\"fr_FR\" \/>\n<meta property=\"og:type\" content=\"article\" \/>\n<meta property=\"og:title\" content=\"Confession de foi - Eglise Confluence\" \/>\n<meta property=\"og:description\" content=\"L&rsquo;\u00c9criture Sainte Nous croyons que l&rsquo;\u00c9criture Sainte est la Parole infaillible de Dieu, et qu&rsquo;elle constitue l&rsquo;autorit\u00e9 souveraine en mati\u00e8re de foi et de vie. Le Dieu Trinitaire Nous croyons en un seul Dieu, existant \u00e9ternellement en trois personnes : le P\u00e8re, le Fils, et le Saint-Esprit. J\u00e9sus-Christ Nous croyons en J\u00e9sus-Christ, notre Seigneur, Dieu [&hellip;]\" \/>\n<meta property=\"og:url\" content=\"https:\/\/egliseconfluence.fr\/?page_id=765\" \/>\n<meta property=\"og:site_name\" content=\"Eglise Confluence\" \/>\n<meta property=\"article:publisher\" content=\"https:\/\/www.facebook.com\/egliseconfluence\" \/>\n<meta property=\"article:modified_time\" content=\"2025-03-11T18:08:57+00:00\" \/>\n<meta property=\"og:image\" content=\"https:\/\/egliseconfluence.fr\/wp-content\/uploads\/2025\/03\/Logo-Confluence-Orange.png\" \/>\n\t<meta property=\"og:image:width\" content=\"2229\" \/>\n\t<meta property=\"og:image:height\" content=\"2239\" \/>\n\t<meta property=\"og:image:type\" content=\"image\/png\" \/>\n<meta name=\"twitter:card\" content=\"summary_large_image\" \/>\n<meta name=\"twitter:label1\" content=\"Dur\u00e9e de lecture estim\u00e9e\" \/>\n\t<meta name=\"twitter:data1\" content=\"2 minutes\" \/>\n<script type=\"application\/ld+json\" class=\"yoast-schema-graph\">{\"@context\":\"https:\/\/schema.org\",\"@graph\":[{\"@type\":\"WebPage\",\"@id\":\"https:\/\/egliseconfluence.fr\/?page_id=765\",\"url\":\"https:\/\/egliseconfluence.fr\/?page_id=765\",\"name\":\"Confession de foi - Eglise Confluence\",\"isPartOf\":{\"@id\":\"https:\/\/egliseconfluence.fr\/#website\"},\"primaryImageOfPage\":{\"@id\":\"https:\/\/egliseconfluence.fr\/?page_id=765#primaryimage\"},\"image\":{\"@id\":\"https:\/\/egliseconfluence.fr\/?page_id=765#primaryimage\"},\"thumbnailUrl\":\"https:\/\/egliseconfluence.fr\/wp-content\/uploads\/2025\/03\/Logo-Confluence-Orange.png\",\"datePublished\":\"2025-03-11T18:01:13+00:00\",\"dateModified\":\"2025-03-11T18:08:57+00:00\",\"breadcrumb\":{\"@id\":\"https:\/\/egliseconfluence.fr\/?page_id=765#breadcrumb\"},\"inLanguage\":\"fr-FR\",\"potentialAction\":[{\"@type\":\"ReadAction\",\"target\":[\"https:\/\/egliseconfluence.fr\/?page_id=765\"]}]},{\"@type\":\"ImageObject\",\"inLanguage\":\"fr-FR\",\"@id\":\"https:\/\/egliseconfluence.fr\/?page_id=765#primaryimage\",\"url\":\"https:\/\/egliseconfluence.fr\/wp-content\/uploads\/2025\/03\/Logo-Confluence-Orange.png\",\"contentUrl\":\"https:\/\/egliseconfluence.fr\/wp-content\/uploads\/2025\/03\/Logo-Confluence-Orange.png\",\"width\":2229,\"height\":2239},{\"@type\":\"BreadcrumbList\",\"@id\":\"https:\/\/egliseconfluence.fr\/?page_id=765#breadcrumb\",\"itemListElement\":[{\"@type\":\"ListItem\",\"position\":1,\"name\":\"Accueil\",\"item\":\"https:\/\/egliseconfluence.fr\/\"},{\"@type\":\"ListItem\",\"position\":2,\"name\":\"Confession de foi\"}]},{\"@type\":\"WebSite\",\"@id\":\"https:\/\/egliseconfluence.fr\/#website\",\"url\":\"https:\/\/egliseconfluence.fr\/\",\"name\":\"Eglise \u00e9vang\u00e9lique Confluence\",\"description\":\"Une \u00e9glise fond\u00e9e sur la Parole et port\u00e9e par l&#039;Esprit\",\"publisher\":{\"@id\":\"https:\/\/egliseconfluence.fr\/#organization\"},\"potentialAction\":[{\"@type\":\"SearchAction\",\"target\":{\"@type\":\"EntryPoint\",\"urlTemplate\":\"https:\/\/egliseconfluence.fr\/?s={search_term_string}\"},\"query-input\":{\"@type\":\"PropertyValueSpecification\",\"valueRequired\":true,\"valueName\":\"search_term_string\"}}],\"inLanguage\":\"fr-FR\"},{\"@type\":\"Organization\",\"@id\":\"https:\/\/egliseconfluence.fr\/#organization\",\"name\":\"Eglise Confluence Lyon\",\"url\":\"https:\/\/egliseconfluence.fr\/\",\"logo\":{\"@type\":\"ImageObject\",\"inLanguage\":\"fr-FR\",\"@id\":\"https:\/\/egliseconfluence.fr\/#\/schema\/logo\/image\/\",\"url\":\"https:\/\/egliseconfluence.fr\/wp-content\/uploads\/2024\/04\/LogoConfluence.svg\",\"contentUrl\":\"https:\/\/egliseconfluence.fr\/wp-content\/uploads\/2024\/04\/LogoConfluence.svg\",\"width\":559,\"height\":538,\"caption\":\"Eglise Confluence Lyon\"},\"image\":{\"@id\":\"https:\/\/egliseconfluence.fr\/#\/schema\/logo\/image\/\"},\"sameAs\":[\"https:\/\/www.facebook.com\/egliseconfluence\",\"https:\/\/www.instagram.com\/egliseconfluence\/\",\"https:\/\/www.youtube.com\/@egliseconfluencelyon\"]}]}<\/script>\n<!-- \/ Yoast SEO plugin. -->","yoast_head_json":{"title":"Confession de foi - Eglise Confluence","robots":{"index":"index","follow":"follow","max-snippet":"max-snippet:-1","max-image-preview":"max-image-preview:large","max-video-preview":"max-video-preview:-1"},"canonical":"https:\/\/egliseconfluence.fr\/?page_id=765","og_locale":"fr_FR","og_type":"article","og_title":"Confession de foi - Eglise Confluence","og_description":"L&rsquo;\u00c9criture Sainte Nous croyons que l&rsquo;\u00c9criture Sainte est la Parole infaillible de Dieu, et qu&rsquo;elle constitue l&rsquo;autorit\u00e9 souveraine en mati\u00e8re de foi et de vie. Le Dieu Trinitaire Nous croyons en un seul Dieu, existant \u00e9ternellement en trois personnes : le P\u00e8re, le Fils, et le Saint-Esprit. J\u00e9sus-Christ Nous croyons en J\u00e9sus-Christ, notre Seigneur, Dieu [&hellip;]","og_url":"https:\/\/egliseconfluence.fr\/?page_id=765","og_site_name":"Eglise Confluence","article_publisher":"https:\/\/www.facebook.com\/egliseconfluence","article_modified_time":"2025-03-11T18:08:57+00:00","og_image":[{"width":2229,"height":2239,"url":"https:\/\/egliseconfluence.fr\/wp-content\/uploads\/2025\/03\/Logo-Confluence-Orange.png","type":"image\/png"}],"twitter_card":"summary_large_image","twitter_misc":{"Dur\u00e9e de lecture estim\u00e9e":"2 minutes"},"schema":{"@context":"https:\/\/schema.org","@graph":[{"@type":"WebPage","@id":"https:\/\/egliseconfluence.fr\/?page_id=765","url":"https:\/\/egliseconfluence.fr\/?page_id=765","name":"Confession de foi - Eglise Confluence","isPartOf":{"@id":"https:\/\/egliseconfluence.fr\/#website"},"primaryImageOfPage":{"@id":"https:\/\/egliseconfluence.fr\/?page_id=765#primaryimage"},"image":{"@id":"https:\/\/egliseconfluence.fr\/?page_id=765#primaryimage"},"thumbnailUrl":"https:\/\/egliseconfluence.fr\/wp-content\/uploads\/2025\/03\/Logo-Confluence-Orange.png","datePublished":"2025-03-11T18:01:13+00:00","dateModified":"2025-03-11T18:08:57+00:00","breadcrumb":{"@id":"https:\/\/egliseconfluence.fr\/?page_id=765#breadcrumb"},"inLanguage":"fr-FR","potentialAction":[{"@type":"ReadAction","target":["https:\/\/egliseconfluence.fr\/?page_id=765"]}]},{"@type":"ImageObject","inLanguage":"fr-FR","@id":"https:\/\/egliseconfluence.fr\/?page_id=765#primaryimage","url":"https:\/\/egliseconfluence.fr\/wp-content\/uploads\/2025\/03\/Logo-Confluence-Orange.png","contentUrl":"https:\/\/egliseconfluence.fr\/wp-content\/uploads\/2025\/03\/Logo-Confluence-Orange.png","width":2229,"height":2239},{"@type":"BreadcrumbList","@id":"https:\/\/egliseconfluence.fr\/?page_id=765#breadcrumb","itemListElement":[{"@type":"ListItem","position":1,"name":"Accueil","item":"https:\/\/egliseconfluence.fr\/"},{"@type":"ListItem","position":2,"name":"Confession de foi"}]},{"@type":"WebSite","@id":"https:\/\/egliseconfluence.fr\/#website","url":"https:\/\/egliseconfluence.fr\/","name":"Eglise \u00e9vang\u00e9lique Confluence","description":"Une \u00e9glise fond\u00e9e sur la Parole et port\u00e9e par l&#039;Esprit","publisher":{"@id":"https:\/\/egliseconfluence.fr\/#organization"},"potentialAction":[{"@type":"SearchAction","target":{"@type":"EntryPoint","urlTemplate":"https:\/\/egliseconfluence.fr\/?s={search_term_string}"},"query-input":{"@type":"PropertyValueSpecification","valueRequired":true,"valueName":"search_term_string"}}],"inLanguage":"fr-FR"},{"@type":"Organization","@id":"https:\/\/egliseconfluence.fr\/#organization","name":"Eglise Confluence Lyon","url":"https:\/\/egliseconfluence.fr\/","logo":{"@type":"ImageObject","inLanguage":"fr-FR","@id":"https:\/\/egliseconfluence.fr\/#\/schema\/logo\/image\/","url":"https:\/\/egliseconfluence.fr\/wp-content\/uploads\/2024\/04\/LogoConfluence.svg","contentUrl":"https:\/\/egliseconfluence.fr\/wp-content\/uploads\/2024\/04\/LogoConfluence.svg","width":559,"height":538,"caption":"Eglise Confluence Lyon"},"image":{"@id":"https:\/\/egliseconfluence.fr\/#\/schema\/logo\/image\/"},"sameAs":["https:\/\/www.facebook.com\/egliseconfluence","https:\/\/www.instagram.com\/egliseconfluence\/","https:\/\/www.youtube.com\/@egliseconfluencelyon"]}]}},"_links":{"self":[{"href":"https:\/\/egliseconfluence.fr\/index.php?rest_route=\/wp\/v2\/pages\/765","targetHints":{"allow":["GET"]}}],"collection":[{"href":"https:\/\/egliseconfluence.fr\/index.php?rest_route=\/wp\/v2\/pages"}],"about":[{"href":"https:\/\/egliseconfluence.fr\/index.php?rest_route=\/wp\/v2\/types\/page"}],"author":[{"embeddable":true,"href":"https:\/\/egliseconfluence.fr\/index.php?rest_route=\/wp\/v2\/users\/2"}],"replies":[{"embeddable":true,"href":"https:\/\/egliseconfluence.fr\/index.php?rest_route=%2Fwp%2Fv2%2Fcomments&post=765"}],"version-history":[{"count":25,"href":"https:\/\/egliseconfluence.fr\/index.php?rest_route=\/wp\/v2\/pages\/765\/revisions"}],"predecessor-version":[{"id":817,"href":"https:\/\/egliseconfluence.fr\/index.php?rest_route=\/wp\/v2\/pages\/765\/revisions\/817"}],"wp:attachment":[{"href":"https:\/\/egliseconfluence.fr\/index.php?rest_route=%2Fwp%2Fv2%2Fmedia&parent=765"}],"curies":[{"name":"wp","href":"https:\/\/api.w.org\/{rel}","templated":true}]}}